{"id":2850,"date":"2025-09-11T17:46:11","date_gmt":"2025-09-11T15:46:11","guid":{"rendered":"https:\/\/stan-montage.eu\/?post_type=product&#038;p=2850"},"modified":"2025-09-11T17:56:17","modified_gmt":"2025-09-11T15:56:17","slug":"gira-418803-schuko-gniazdo-system-55-czysto-biale-blyszczace","status":"publish","type":"product","link":"https:\/\/stan-montage.eu\/?product=gira-418803-schuko-gniazdo-system-55-czysto-biale-blyszczace","title":{"rendered":"Gira 418803 SCHUKO \u2013 Gniazdo System 55, czysto-bia\u0142e b\u0142yszcz\u0105ce"},"content":{"rendered":"","protected":false},"excerpt":{"rendered":"<p class=\"p1\"><span class=\"s1\">Gniazdo SCHUKO 16 A \/ 250 V zgodne z System 55 firmy Gira. W kolorze czysto-bia\u0142ym, b\u0142yszcz\u0105ce. Monta\u017c podtynkowy, z zaciskami \u2013 solidna opcja do standardowych instalacji domowych.<\/span><\/p>\n","protected":false},"featured_media":2851,"comment_status":"open","ping_status":"closed","template":"","meta":[],"product_brand":[],"product_cat":[],"product_tag":[],"class_list":{"0":"post-2850","1":"product","2":"type-product","3":"status-publish","4":"has-post-thumbnail","7":"first","8":"instock","9":"shipping-taxable","10":"purchasable","11":"product-type-simple"},"_links":{"self":[{"href":"https:\/\/stan-montage.eu\/index.php?rest_route=\/wp\/v2\/product\/2850","targetHints":{"allow":["GET"]}}],"collection":[{"href":"https:\/\/stan-montage.eu\/index.php?rest_route=\/wp\/v2\/product"}],"about":[{"href":"https:\/\/stan-montage.eu\/index.php?rest_route=\/wp\/v2\/types\/product"}],"replies":[{"embeddable":true,"href":"https:\/\/stan-montage.eu\/index.php?rest_route=%2Fwp%2Fv2%2Fcomments&post=2850"}],"wp:featuredmedia":[{"embeddable":true,"href":"https:\/\/stan-montage.eu\/index.php?rest_route=\/wp\/v2\/media\/2851"}],"wp:attachment":[{"href":"https:\/\/stan-montage.eu\/index.php?rest_route=%2Fwp%2Fv2%2Fmedia&parent=2850"}],"wp:term":[{"taxonomy":"product_brand","embeddable":true,"href":"https:\/\/stan-montage.eu\/index.php?rest_route=%2Fwp%2Fv2%2Fproduct_brand&post=2850"},{"taxonomy":"product_cat","embeddable":true,"href":"https:\/\/stan-montage.eu\/index.php?rest_route=%2Fwp%2Fv2%2Fproduct_cat&post=2850"},{"taxonomy":"product_tag","embeddable":true,"href":"https:\/\/stan-montage.eu\/index.php?rest_route=%2Fwp%2Fv2%2Fproduct_tag&post=2850"}],"curies":[{"name":"wp","href":"https:\/\/api.w.org\/{rel}","templated":true}]}}